{"id":253,"date":"2023-03-10T11:18:44","date_gmt":"2023-03-10T10:18:44","guid":{"rendered":"https:\/\/provencegitelescougnas.com\/?page_id=253"},"modified":"2024-01-29T10:39:54","modified_gmt":"2024-01-29T09:39:54","slug":"tableau-des-reservation","status":"publish","type":"page","link":"https:\/\/provencegitelescougnas.com\/?page_id=253","title":{"rendered":"Disponibilit\u00e9s et tarifs"},"content":{"rendered":"<p>[et_pb_section fb_built=\u00a0\u00bb1&Prime; _builder_version=\u00a0\u00bb4.12.1&Prime; _module_preset=\u00a0\u00bbdefault\u00a0\u00bb background_image=\u00a0\u00bbhttp:\/\/provencegitelescougnas.com\/wp-content\/uploads\/2023\/03\/Aquarelle-Les-Cougnas-flouetrame.jpg\u00a0\u00bb parallax=\u00a0\u00bbon\u00a0\u00bb custom_margin=\u00a0\u00bb||0px||false|false\u00a0\u00bb global_colors_info=\u00a0\u00bb{}\u00a0\u00bb][et_pb_row _builder_version=\u00a0\u00bb4.12.1&Prime; _module_preset=\u00a0\u00bbdefault\u00a0\u00bb width=\u00a0\u00bb90%\u00a0\u00bb module_alignment=\u00a0\u00bbcenter\u00a0\u00bb global_colors_info=\u00a0\u00bb{}\u00a0\u00bb][et_pb_column type=\u00a0\u00bb4_4&Prime; _builder_version=\u00a0\u00bb4.12.1&Prime; _module_preset=\u00a0\u00bbdefault\u00a0\u00bb global_colors_info=\u00a0\u00bb{}\u00a0\u00bb][et_pb_text _builder_version=\u00a0\u00bb4.12.1&Prime; _module_preset=\u00a0\u00bbdefault\u00a0\u00bb hover_enabled=\u00a0\u00bb0&Prime; global_colors_info=\u00a0\u00bb{}\u00a0\u00bb sticky_enabled=\u00a0\u00bb0&Prime;]<\/p>\n<h1 style=\"text-align: center;\"><span style=\"text-decoration: underline;\"><strong>Disponibilit\u00e9s et tarifs 2024 :<\/strong><\/span><\/h1>\n<p>[\/et_pb_text][et_pb_text _builder_version=\u00a0\u00bb4.12.1&Prime; _module_preset=\u00a0\u00bbdefault\u00a0\u00bb text_font=\u00a0\u00bb|700|||||||\u00a0\u00bb text_text_color=\u00a0\u00bb#000000&Prime; text_font_size=\u00a0\u00bb18px\u00a0\u00bb global_colors_info=\u00a0\u00bb{}\u00a0\u00bb]<\/p>\n<p style=\"text-align: center;\"><strong>Pour vous \u00e9viter les bouchons de l&rsquo;\u00e9t\u00e9, les r\u00e9servations se font du dimanche au dimanche<\/strong><\/p>\n<p>[\/et_pb_text][\/et_pb_column][\/et_pb_row][et_pb_row _builder_version=\u00a0\u00bb4.12.1&Prime; _module_preset=\u00a0\u00bbdefault\u00a0\u00bb hover_enabled=\u00a0\u00bb0&Prime; sticky_enabled=\u00a0\u00bb0&Prime;][et_pb_column _builder_version=\u00a0\u00bb4.12.1&Prime; _module_preset=\u00a0\u00bbdefault\u00a0\u00bb type=\u00a0\u00bb4_4&Prime;][et_pb_text _builder_version=\u00a0\u00bb4.12.1&Prime; _module_preset=\u00a0\u00bbdefault\u00a0\u00bb hover_enabled=\u00a0\u00bb0&Prime; sticky_enabled=\u00a0\u00bb0&Prime; text_font_size=\u00a0\u00bb33px\u00a0\u00bb text_orientation=\u00a0\u00bbcenter\u00a0\u00bb]<\/p>\n<p><span style=\"color: #993300;\"><strong>Tarif sp\u00e9cial car la piscine ne sera pas accessible cette ann\u00e9e<\/strong><\/span><\/p>\n<p>[\/et_pb_text][\/et_pb_column][\/et_pb_row][et_pb_row _builder_version=\u00a0\u00bb4.12.1&Prime; _module_preset=\u00a0\u00bbdefault\u00a0\u00bb][et_pb_column _builder_version=\u00a0\u00bb4.12.1&Prime; _module_preset=\u00a0\u00bbdefault\u00a0\u00bb type=\u00a0\u00bb4_4&Prime;][et_pb_text _builder_version=\u00a0\u00bb4.12.1&Prime; _module_preset=\u00a0\u00bbdefault\u00a0\u00bb text_font_size=\u00a0\u00bb18px\u00a0\u00bb text_orientation=\u00a0\u00bbcenter\u00a0\u00bb hover_enabled=\u00a0\u00bb0&Prime; sticky_enabled=\u00a0\u00bb0&Prime;]<\/p>\n<p><em><strong>Pour plus de renseignements sur les \u00e9quipements de la r\u00e9sidence, merci de nous contacter au n\u00b0 +32 499 38 76 95<\/strong><\/em><\/p>\n<p>[\/et_pb_text][\/et_pb_column][\/et_pb_row][\/et_pb_section]<\/p>\n","protected":false},"excerpt":{"rendered":"<p>Disponibilit\u00e9s et tarifs 2024 :Pour vous \u00e9viter les bouchons de l&rsquo;\u00e9t\u00e9, les r\u00e9servations se font du dimanche au dimancheTarif sp\u00e9cial car la piscine ne sera pas accessible cette ann\u00e9ePour plus de renseignements sur les \u00e9quipements de la r\u00e9sidence, merci de nous contacter au n\u00b0 +32 499 38 76 95<\/p>\n","protected":false},"author":1,"featured_media":0,"parent":0,"menu_order":0,"comment_status":"closed","ping_status":"closed","template":"","meta":{"_et_pb_use_builder":"on","_et_pb_old_content":"<!-- wp:paragraph -->\n<p>Du dimanche au dimanche<\/p>\n<!-- \/wp:paragraph -->\n\n<!-- wp:table -->\n<figure class=\"wp-block-table\"><table><tbody><tr><td>26\/6 - 2\/7<\/td><td><\/td><td><\/td><td><\/td><td><\/td><td><\/td><td><\/td><td><\/td><td><\/td><td><\/td><\/tr><tr><td>600\u20ac<\/td><td><\/td><td><\/td><td><\/td><td><\/td><td><\/td><td><\/td><td><\/td><td><\/td><td><\/td><\/tr><tr><td><\/td><td><\/td><td><\/td><td><\/td><td><\/td><td><\/td><td><\/td><td><\/td><td><\/td><td><\/td><\/tr><\/tbody><\/table><\/figure>\n<!-- \/wp:table -->","_et_gb_content_width":"","footnotes":""},"class_list":["post-253","page","type-page","status-publish","hentry"],"yoast_head":"<!-- This site is optimized with the Yoast SEO plugin v20.2.1 - https:\/\/yoast.com\/wordpress\/plugins\/seo\/ -->\n<title>Disponibilit\u00e9s et tarifs - Provence Gite Les Cougnas<\/title>\n<meta name=\"robots\" content=\"index, follow, max-snippet:-1, max-image-preview:large, max-video-preview:-1\" \/>\n<link rel=\"canonical\" href=\"https:\/\/provencegitelescougnas.com\/?page_id=253\" \/>\n<meta property=\"og:locale\" content=\"fr_FR\" \/>\n<meta property=\"og:type\" content=\"article\" \/>\n<meta property=\"og:title\" content=\"Disponibilit\u00e9s et tarifs - Provence Gite Les Cougnas\" \/>\n<meta property=\"og:description\" content=\"Disponibilit\u00e9s et tarifs 2024 :Pour vous \u00e9viter les bouchons de l&#039;\u00e9t\u00e9, les r\u00e9servations se font du dimanche au dimancheTarif sp\u00e9cial car la piscine ne sera pas accessible cette ann\u00e9ePour plus de renseignements sur les \u00e9quipements de la r\u00e9sidence, merci de nous contacter au n\u00b0 +32 499 38 76 95\" \/>\n<meta property=\"og:url\" content=\"https:\/\/provencegitelescougnas.com\/?page_id=253\" \/>\n<meta property=\"og:site_name\" content=\"Provence Gite Les Cougnas\" \/>\n<meta property=\"article:modified_time\" content=\"2024-01-29T09:39:54+00:00\" \/>\n<meta name=\"twitter:card\" content=\"summary_large_image\" \/>\n<meta name=\"twitter:label1\" content=\"Dur\u00e9e de lecture estim\u00e9e\" \/>\n\t<meta name=\"twitter:data1\" content=\"1 minute\" \/>\n<script type=\"application\/ld+json\" class=\"yoast-schema-graph\">{\"@context\":\"https:\/\/schema.org\",\"@graph\":[{\"@type\":\"WebPage\",\"@id\":\"https:\/\/provencegitelescougnas.com\/?page_id=253\",\"url\":\"https:\/\/provencegitelescougnas.com\/?page_id=253\",\"name\":\"Disponibilit\u00e9s et tarifs - Provence Gite Les Cougnas\",\"isPartOf\":{\"@id\":\"https:\/\/provencegitelescougnas.com\/#website\"},\"datePublished\":\"2023-03-10T10:18:44+00:00\",\"dateModified\":\"2024-01-29T09:39:54+00:00\",\"breadcrumb\":{\"@id\":\"https:\/\/provencegitelescougnas.com\/?page_id=253#breadcrumb\"},\"inLanguage\":\"fr-FR\",\"potentialAction\":[{\"@type\":\"ReadAction\",\"target\":[\"https:\/\/provencegitelescougnas.com\/?page_id=253\"]}]},{\"@type\":\"BreadcrumbList\",\"@id\":\"https:\/\/provencegitelescougnas.com\/?page_id=253#breadcrumb\",\"itemListElement\":[{\"@type\":\"ListItem\",\"position\":1,\"name\":\"Accueil\",\"item\":\"https:\/\/provencegitelescougnas.com\/\"},{\"@type\":\"ListItem\",\"position\":2,\"name\":\"Disponibilit\u00e9s et tarifs\"}]},{\"@type\":\"WebSite\",\"@id\":\"https:\/\/provencegitelescougnas.com\/#website\",\"url\":\"https:\/\/provencegitelescougnas.com\/\",\"name\":\"Provence Gite Les Cougnas\",\"description\":\"Location de gite en Provence\",\"potentialAction\":[{\"@type\":\"SearchAction\",\"target\":{\"@type\":\"EntryPoint\",\"urlTemplate\":\"https:\/\/provencegitelescougnas.com\/?s={search_term_string}\"},\"query-input\":\"required name=search_term_string\"}],\"inLanguage\":\"fr-FR\"}]}<\/script>\n<!-- \/ Yoast SEO plugin. -->","yoast_head_json":{"title":"Disponibilit\u00e9s et tarifs - Provence Gite Les Cougnas","robots":{"index":"index","follow":"follow","max-snippet":"max-snippet:-1","max-image-preview":"max-image-preview:large","max-video-preview":"max-video-preview:-1"},"canonical":"https:\/\/provencegitelescougnas.com\/?page_id=253","og_locale":"fr_FR","og_type":"article","og_title":"Disponibilit\u00e9s et tarifs - Provence Gite Les Cougnas","og_description":"Disponibilit\u00e9s et tarifs 2024 :Pour vous \u00e9viter les bouchons de l'\u00e9t\u00e9, les r\u00e9servations se font du dimanche au dimancheTarif sp\u00e9cial car la piscine ne sera pas accessible cette ann\u00e9ePour plus de renseignements sur les \u00e9quipements de la r\u00e9sidence, merci de nous contacter au n\u00b0 +32 499 38 76 95","og_url":"https:\/\/provencegitelescougnas.com\/?page_id=253","og_site_name":"Provence Gite Les Cougnas","article_modified_time":"2024-01-29T09:39:54+00:00","twitter_card":"summary_large_image","twitter_misc":{"Dur\u00e9e de lecture estim\u00e9e":"1 minute"},"schema":{"@context":"https:\/\/schema.org","@graph":[{"@type":"WebPage","@id":"https:\/\/provencegitelescougnas.com\/?page_id=253","url":"https:\/\/provencegitelescougnas.com\/?page_id=253","name":"Disponibilit\u00e9s et tarifs - Provence Gite Les Cougnas","isPartOf":{"@id":"https:\/\/provencegitelescougnas.com\/#website"},"datePublished":"2023-03-10T10:18:44+00:00","dateModified":"2024-01-29T09:39:54+00:00","breadcrumb":{"@id":"https:\/\/provencegitelescougnas.com\/?page_id=253#breadcrumb"},"inLanguage":"fr-FR","potentialAction":[{"@type":"ReadAction","target":["https:\/\/provencegitelescougnas.com\/?page_id=253"]}]},{"@type":"BreadcrumbList","@id":"https:\/\/provencegitelescougnas.com\/?page_id=253#breadcrumb","itemListElement":[{"@type":"ListItem","position":1,"name":"Accueil","item":"https:\/\/provencegitelescougnas.com\/"},{"@type":"ListItem","position":2,"name":"Disponibilit\u00e9s et tarifs"}]},{"@type":"WebSite","@id":"https:\/\/provencegitelescougnas.com\/#website","url":"https:\/\/provencegitelescougnas.com\/","name":"Provence Gite Les Cougnas","description":"Location de gite en Provence","potentialAction":[{"@type":"SearchAction","target":{"@type":"EntryPoint","urlTemplate":"https:\/\/provencegitelescougnas.com\/?s={search_term_string}"},"query-input":"required name=search_term_string"}],"inLanguage":"fr-FR"}]}},"_links":{"self":[{"href":"https:\/\/provencegitelescougnas.com\/index.php?rest_route=\/wp\/v2\/pages\/253","targetHints":{"allow":["GET"]}}],"collection":[{"href":"https:\/\/provencegitelescougnas.com\/index.php?rest_route=\/wp\/v2\/pages"}],"about":[{"href":"https:\/\/provencegitelescougnas.com\/index.php?rest_route=\/wp\/v2\/types\/page"}],"author":[{"embeddable":true,"href":"https:\/\/provencegitelescougnas.com\/index.php?rest_route=\/wp\/v2\/users\/1"}],"replies":[{"embeddable":true,"href":"https:\/\/provencegitelescougnas.com\/index.php?rest_route=%2Fwp%2Fv2%2Fcomments&post=253"}],"version-history":[{"count":25,"href":"https:\/\/provencegitelescougnas.com\/index.php?rest_route=\/wp\/v2\/pages\/253\/revisions"}],"predecessor-version":[{"id":356,"href":"https:\/\/provencegitelescougnas.com\/index.php?rest_route=\/wp\/v2\/pages\/253\/revisions\/356"}],"wp:attachment":[{"href":"https:\/\/provencegitelescougnas.com\/index.php?rest_route=%2Fwp%2Fv2%2Fmedia&parent=253"}],"curies":[{"name":"wp","href":"https:\/\/api.w.org\/{rel}","templated":true}]}}